{"id":853,"date":"2022-01-28T11:03:49","date_gmt":"2022-01-28T11:03:49","guid":{"rendered":"https:\/\/www.lichadavillas.com\/contact\/"},"modified":"2023-09-05T11:34:19","modified_gmt":"2023-09-05T11:34:19","slug":"contact","status":"publish","type":"page","link":"https:\/\/www.lichadavillas.com\/de\/contact\/","title":{"rendered":"Contact"},"content":{"rendered":"<div class=\"wpb-content-wrapper\"><p>[vc_row full_width=&#8220;stretch_row_content_no_spaces&#8220; bg_type=&#8220;image&#8220; parallax_style=&#8220;vcpb-default&#8220; bg_image_new=&#8220;id^1553|url^https:\/\/www.lichadavillas.com\/wp-content\/uploads\/2023\/08\/IMG-8631-zonder-strandstoel.jpg|caption^null|alt^null|title^neem contact met ons op|description^null&#8220; bg_image_repeat=&#8220;no-repeat&#8220; bg_image_posiiton=&#8220;50% 80%&#8220; css=&#8220;.vc_custom_1693482384499{margin-top: 0px !important;margin-bottom: 0px !important;padding-top: 0px !important;padding-bottom: 0px !important;}&#8220;][vc_column][vc_empty_space height=&#8220;700px&#8220;][\/vc_column][\/vc_row][vc_row][vc_column][vc_column_text]<\/p>\n<h1><strong>Contact<\/strong><\/h1>\n<p>[\/vc_column_text][\/vc_column][\/vc_row][vc_row gap=&#8220;20&#8243; el_class=&#8220;swap-on-mobile&#8220;][vc_column width=&#8220;2\/3&#8243; css=&#8220;.vc_custom_1643718243547{padding-top: 6% !important;padding-right: 6% !important;padding-bottom: 6% !important;padding-left: 6% !important;background-color: #ffffff !important;}&#8220;][vc_column_text css=&#8220;.vc_custom_1688543290621{background-color: #ffffff !important;}&#8220;]<\/p>\n<h3>Buchungsanfrage<\/h3>\n<p>Bei Fragen (zur Verf\u00fcgbarkeit) oder Buchungen kontaktieren Sie uns bitte \u00fcber das untenstehende Formular oder \u00fcber die Kontaktdaten auf dieser Seite.[\/vc_column_text]\n<div class=\"wpcf7 no-js\" id=\"wpcf7-f611-o1\" lang=\"nl-NL\" dir=\"ltr\" data-wpcf7-id=\"611\">\n<div class=\"screen-reader-response\"><p role=\"status\" aria-live=\"polite\" aria-atomic=\"true\"><\/p> <ul><\/ul><\/div>\n<form action=\"\/de\/wp-json\/wp\/v2\/pages\/853#wpcf7-f611-o1\" method=\"post\" class=\"wpcf7-form init\" aria-label=\"Contactformulier\" novalidate=\"novalidate\" data-status=\"init\">\n<fieldset class=\"hidden-fields-container\"><input type=\"hidden\" name=\"_wpcf7\" value=\"611\" \/><input type=\"hidden\" name=\"_wpcf7_version\" value=\"6.1.5\" \/><input type=\"hidden\" name=\"_wpcf7_locale\" value=\"nl_NL\" \/><input type=\"hidden\" name=\"_wpcf7_unit_tag\" value=\"wpcf7-f611-o1\" \/><input type=\"hidden\" name=\"_wpcf7_container_post\" value=\"0\" \/><input type=\"hidden\" name=\"_wpcf7_posted_data_hash\" value=\"\" \/><input type=\"hidden\" name=\"_wpcf7_recaptcha_response\" value=\"\" \/>\n<\/fieldset>\n<p>Naam\n<\/p>\n<p><span class=\"wpcf7-form-control-wrap\" data-name=\"naam\"><input size=\"40\" maxlength=\"400\" class=\"wpcf7-form-control wpcf7-text wpcf7-validates-as-required\" aria-required=\"true\" aria-invalid=\"false\" value=\"\" type=\"text\" name=\"naam\" \/><\/span>\n<\/p>\n<p>E-mail\n<\/p>\n<p><span class=\"wpcf7-form-control-wrap\" data-name=\"email\"><input size=\"40\" maxlength=\"400\" class=\"wpcf7-form-control wpcf7-email wpcf7-validates-as-required wpcf7-text wpcf7-validates-as-email\" aria-required=\"true\" aria-invalid=\"false\" value=\"\" type=\"email\" name=\"email\" \/><\/span>\n<\/p>\n<p>Telefoonnummer\n<\/p>\n<p><span class=\"wpcf7-form-control-wrap\" data-name=\"telefoonnummer\"><input size=\"40\" maxlength=\"400\" class=\"wpcf7-form-control wpcf7-tel wpcf7-text wpcf7-validates-as-tel\" aria-invalid=\"false\" value=\"\" type=\"tel\" name=\"telefoonnummer\" \/><\/span>\n<\/p>\n<p>Je bericht\n<\/p>\n<p><span class=\"wpcf7-form-control-wrap\" data-name=\"overigeinfo\"><textarea cols=\"40\" rows=\"10\" maxlength=\"2000\" class=\"wpcf7-form-control wpcf7-textarea\" aria-invalid=\"false\" name=\"overigeinfo\"><\/textarea><\/span>\n<\/p>\n<p><input class=\"wpcf7-form-control wpcf7-submit has-spinner\" type=\"submit\" value=\"Aanvraag verzenden\" \/>\n<\/p><div class=\"wpcf7-response-output\" aria-hidden=\"true\"><\/div>\n<\/form>\n<\/div>\n[\/vc_column][vc_column width=&#8220;1\/3&#8243;][vc_column_text css=&#8220;.vc_custom_1684744191891{padding-top: 6% !important;padding-right: 6% !important;padding-bottom: 6% !important;padding-left: 6% !important;background-color: #ffffff !important;}&#8220;]info@lichadavillas.com<\/p>\n<p>\u202d+31 615 05 21 17\u202c<\/p>\n<p>oder<\/p>\n<p>+30 698 010 37 38<\/p>\n<p>&nbsp;<\/p>\n<p><strong>Adresse<\/strong><\/p>\n<p>Epar. Od. Edipsou-Lichada 135,<\/p>\n<p>34300 Lichada[\/vc_column_text][\/vc_column][\/vc_row]<\/p>\n<\/div>","protected":false},"excerpt":{"rendered":"<p>[vc_row full_width=&#8220;stretch_row_content_no_spaces&#8220; bg_type=&#8220;image&#8220; parallax_style=&#8220;vcpb-default&#8220; bg_image_new=&#8220;id^1553|url^https:\/\/www.lichadavillas.com\/wp-content\/uploads\/2023\/08\/IMG-8631-zonder-strandstoel.jpg|caption^null|alt^null|title^neem contact met ons op|description^null&#8220; bg_image_repeat=&#8220;no-repeat&#8220; bg_image_posiiton=&#8220;50% 80%&#8220; css=&#8220;.vc_custom_1693482384499{margin-top: 0px !important;margin-bottom: 0px !important;padding-top: 0px !important;padding-bottom: 0px !important;}&#8220;][vc_column][vc_empty_space height=&#8220;700px&#8220;][\/vc_column][\/vc_row][vc_row][vc_column][vc_column_text] Contact [\/vc_column_text][\/vc_column][\/vc_row][vc_row gap=&#8220;20&#8243; el_class=&#8220;swap-on-mobile&#8220;][vc_column width=&#8220;2\/3&#8243; css=&#8220;.vc_custom_1643718243547{padding-top: 6% !important;padding-right: 6% !important;padding-bottom: 6% !important;padding-left: 6% !important;background-color: #ffffff !important;}&#8220;][vc_column_text css=&#8220;.vc_custom_1688543290621{background-color: #ffffff !important;}&#8220;] Buchungsanfrage Bei Fragen (zur Verf\u00fcgbarkeit) oder Buchungen kontaktieren Sie uns bitte \u00fcber das untenstehende&hellip;<\/p>\n","protected":false},"author":1,"featured_media":0,"parent":0,"menu_order":0,"comment_status":"closed","ping_status":"closed","template":"","meta":{"_monsterinsights_skip_tracking":false,"_monsterinsights_sitenote_active":false,"_monsterinsights_sitenote_note":"","_monsterinsights_sitenote_category":0,"footnotes":""},"class_list":["post-853","page","type-page","status-publish","hentry","description-off"],"_links":{"self":[{"href":"https:\/\/www.lichadavillas.com\/de\/wp-json\/wp\/v2\/pages\/853","targetHints":{"allow":["GET"]}}],"collection":[{"href":"https:\/\/www.lichadavillas.com\/de\/wp-json\/wp\/v2\/pages"}],"about":[{"href":"https:\/\/www.lichadavillas.com\/de\/wp-json\/wp\/v2\/types\/page"}],"author":[{"embeddable":true,"href":"https:\/\/www.lichadavillas.com\/de\/wp-json\/wp\/v2\/users\/1"}],"replies":[{"embeddable":true,"href":"https:\/\/www.lichadavillas.com\/de\/wp-json\/wp\/v2\/comments?post=853"}],"version-history":[{"count":14,"href":"https:\/\/www.lichadavillas.com\/de\/wp-json\/wp\/v2\/pages\/853\/revisions"}],"predecessor-version":[{"id":1591,"href":"https:\/\/www.lichadavillas.com\/de\/wp-json\/wp\/v2\/pages\/853\/revisions\/1591"}],"wp:attachment":[{"href":"https:\/\/www.lichadavillas.com\/de\/wp-json\/wp\/v2\/media?parent=853"}],"curies":[{"name":"wp","href":"https:\/\/api.w.org\/{rel}","templated":true}]}}