{"id":843,"date":"2022-02-02T12:36:22","date_gmt":"2022-02-02T12:36:22","guid":{"rendered":"https:\/\/www.lichadavillas.com\/praktische-informationen\/"},"modified":"2026-01-21T15:23:27","modified_gmt":"2026-01-21T15:23:27","slug":"praktische-informationen","status":"publish","type":"page","link":"https:\/\/www.lichadavillas.com\/de\/praktische-informationen\/","title":{"rendered":"Praktische Informationen"},"content":{"rendered":"<div class=\"wpb-content-wrapper\"><p>[vc_row full_width=&#8220;stretch_row_content_no_spaces&#8220;][vc_column]<div id='wrap_map_69e4d0dedf622' class='ultimate-map-wrapper ult-adjust-bottom-margin ' style='margin0pxpadding0px height:600px;'><div id='map_69e4d0dedf622' data-map_override='0' class='ultimate_google_map wpb_content_element ' style='width:100%;height:600px;'><\/div><\/div><script type='text\/javascript'>\n\t\t\t(function($) {\n  \t\t\t'use strict';\n\t\t\tvar map_map_69e4d0dedf622 = null;\n\t\t\tvar coordinate_map_69e4d0dedf622;\n\t\t\tvar isDraggable = $(document).width() > 641 ? 'true' : 'true';\n\t\t\ttry\n\t\t\t{\n\t\t\t\tvar map_map_69e4d0dedf622 = null;\n\t\t\t\tvar coordinate_map_69e4d0dedf622;\n\t\t\t\tcoordinate_map_69e4d0dedf622 = new google.maps.LatLng(38.852041896179, 22.866238520602);\n\t\t\t\tvar mapOptions=\n\t\t\t\t{\n\t\t\t\t\tzoom: 13,\n\t\t\t\t\tcenter: coordinate_map_69e4d0dedf622,\n\t\t\t\t\tscaleControl: true,\n\t\t\t\t\tstreetViewControl: false,\n\t\t\t\t\tmapTypeControl: false,\n\t\t\t\t\tpanControl: false,\n\t\t\t\t\tzoomControl: false,\n\t\t\t\t\tscrollwheel: true,\n\t\t\t\t\tdraggable: isDraggable,\n\t\t\t\t\tzoomControlOptions: {\n\t\t\t\t\t\tposition: google.maps.ControlPosition.right_bottom\n\t\t\t\t\t},mapTypeId: google.maps.MapTypeId.roadmap,};var map_map_69e4d0dedf622 = new google.maps.Map(document.getElementById('map_69e4d0dedf622'),mapOptions);\n\t\t\t\t\t\tvar x = 'infowindow_open_value';\n\t\t\t\t\t\tvar marker_map_69e4d0dedf622 = new google.maps.Marker({\n\t\t\t\t\t\tposition: new google.maps.LatLng('38.852041896179', '22.866238520602'),\n\t\t\t\t\t\tanimation:  google.maps.Animation.DROP,\n\t\t\t\t\t\tmap: map_map_69e4d0dedf622,\n\t\t\t\t\t\ticon: ''\n\t\t\t\t\t});\tgoogle.maps.event.addListener(marker_map_69e4d0dedf622, 'click', toggleBounce);}\n\t\t\tcatch(e){};\n\t\t\tjQuery(document).ready(function($){\n\t\t\t\tgoogle.maps.event.trigger(map_map_69e4d0dedf622, 'resize');\n\t\t\t\t$(window).on('resize', function(){\n\t\t\t\t\tgoogle.maps.event.trigger(map_map_69e4d0dedf622, 'resize');\n\t\t\t\t\tif(map_map_69e4d0dedf622!=null)\n\t\t\t\t\t\tmap_map_69e4d0dedf622.setCenter(coordinate_map_69e4d0dedf622);\n\t\t\t\t});\n\t\t\t\t$('.ui-tabs').on('tabsactivate', function(event, ui) {\n\t\t\t\t   if($(this).find('.ultimate-map-wrapper').length > 0)\n\t\t\t\t\t{\n\t\t\t\t\t\tsetTimeout(function(){\n\t\t\t\t\t\t\t$(window).trigger('resize');\n\t\t\t\t\t\t},200);\n\t\t\t\t\t}\n\t\t\t\t});\n\t\t\t\t$('.ui-accordion').on('accordionactivate', function(event, ui) {\n\t\t\t\t   if($(this).find('.ultimate-map-wrapper').length > 0)\n\t\t\t\t\t{\n\t\t\t\t\t\tsetTimeout(function(){\n\t\t\t\t\t\t\t$(window).trigger('resize');\n\t\t\t\t\t\t},200);\n\t\t\t\t\t}\n\t\t\t\t});\n\t\t\t\t$(window).on('load',function(){\n\t\t\t\t\tsetTimeout(function(){\n\t\t\t\t\t\t$(window).trigger('resize');\n\t\t\t\t\t},200);\n\t\t\t\t});\n\t\t\t\t$('.ult_exp_section').on('select', function(){\n\t\t\t\t\tif($(map_map_69e4d0dedf622).parents('.ult_exp_section'))\n\t\t\t\t\t{\n\t\t\t\t\t\tsetTimeout(function(){\n\t\t\t\t\t\t\t$(window).trigger('resize');\n\t\t\t\t\t\t},200);\n\t\t\t\t\t}\n\t\t\t\t});\n\t\t\t\t$(document).on('onUVCModalPopupOpen', function(){\n\t\t\t\t\tif($(map_map_69e4d0dedf622).parents('.ult_modal-content'))\n\t\t\t\t\t{\n\t\t\t\t\t\tsetTimeout(function(){\n\t\t\t\t\t\t\t$(window).trigger('resize');\n\t\t\t\t\t\t},200);\n\t\t\t\t\t}\n\t\t\t\t});\n\t\t\t\t$(document).on('click','.ult_tab_li',function(){\n\t\t\t\t\t$(window).trigger('resize');\n\t\t\t\t\tsetTimeout(function(){\n\t\t\t\t\t\t$(window).trigger('resize');\n\t\t\t\t\t},200);\n\t\t\t\t});\n\t\t\t});\n\t\t\tfunction toggleBounce() {\n\t\t\t  if (marker_map_69e4d0dedf622.getAnimation() != null) {\n\t\t\t\tmarker_map_69e4d0dedf622.setAnimation(null);\n\t\t\t  } else {\n\t\t\t\tmarker_map_69e4d0dedf622.setAnimation(google.maps.Animation.BOUNCE);\n\t\t\t  }\n\t\t\t}\n\t\t\t})(jQuery);\n\t\t\t<\/script>[\/vc_column][\/vc_row][vc_row][vc_column][vc_column_text css=&#8220;.vc_custom_1665475295469{padding-top: 35px !important;}&#8220;]<\/p>\n<h1>\u00dcber <strong>Lichada<\/strong><\/h1>\n<p>[\/vc_column_text][\/vc_column][\/vc_row][vc_row gap=&#8220;20&#8243;][vc_column width=&#8220;2\/3&#8243;][vc_column_text css=&#8220;.vc_custom_1652345908152{padding-top: 6% !important;padding-right: 6% !important;padding-bottom: 6% !important;padding-left: 6% !important;background-color: #ffffff !important;}&#8220;]<\/p>\n<p class=\"p1\"><span class=\"s1\">Lichada Villas bietet ein Ferienhaus f\u00fcr alle, die das <b>typische griechische Urlaubsgef\u00fchl<\/b> in einer wundersch\u00f6nen Umgebung genie\u00dfen m\u00f6chten. Das frisch renovierte Haus ist der ideale Ort f\u00fcr einen erholsamen Aufenthalt im Norden Evias (Eub\u00f6a). Die Lage bietet einen <b>atemberaubenden Blick<\/b> auf das Tal und das Meer. Die Ferienh\u00e4user sind nur 5 Minuten von der K\u00fcste entfernt.<\/span><\/p>\n<p class=\"p1\"><span class=\"s1\">Die Eigent\u00fcmer haben sich ganz darauf konzentriert, einen <b>komfortablen Ort<\/b> mit guter Ausstattung zu schaffen. <b>Villa 1<\/b> wurde im Jahr 2020 renoviert und bietet Platz f\u00fcr 2 bis 3 Personen. <b>Villa 2<\/b> wurde im Jahr 2022 renoviert und ist geeignet f\u00fcr bis zu 6 Personen. Bei der Renovierung wurden mehrere authentische Elemente behalten und mit der Verwendung nachhaltiger Materialien wurde ein Retro-Touch und eine warme Atmosph\u00e4re geschaffen. Das Ganze wirkt <b>gem\u00fctlich und stimmungsvoll<\/b>. Die K\u00fcchen sind einfach, aber vollst\u00e4ndig ausgestattet. <\/span><\/p>\n<p class=\"p2\"><span class=\"s2\">Beide H\u00e4user haben eine teilweise \u00fcberdachte Terrasse. Rund um das Haus gibt es eine sch\u00f6n angelegte Terrasse und einige alte B\u00e4ume, die in den richtigen Momenten Schatten spenden. Die Ferienh\u00e4user liegen nicht weit voneinander entfernt auf dem Gel\u00e4nde und k\u00f6nnen daher auch &#8222;zusammen&#8220; f\u00fcr eine gr\u00f6\u00dfere Gruppe gemietet werden.<\/span><\/p>\n<p class=\"p1\"><span class=\"s1\">Drau\u00dfen k\u00f6nnen Sie am gro\u00dfen Esstisch mit Blick auf die gr\u00fcne Umgebung <b>festlich speisen<\/b>. Rund um das Haus wurden verschiedene Pl\u00e4tze eingerichtet, so dass Sie zu jeder Stunde des Tages einen Platz in der Sonne oder im Schatten finden k\u00f6nnen.<\/span><\/p>\n<p class=\"p1\"><span class=\"s1\">Die Ferienh\u00e4user bieten ein idealer Ort f\u00fcr Ausfl\u00fcge in die Umgebung. Morgens k\u00f6nnen Sie (zu Fu\u00df) im charmanten Dorf Agios Georgios gehen und in der B\u00e4ckerei griechische S\u00fc\u00dfigkeiten kaufen<i> <\/i>oder einen Kaffee trinken in einem der lokalen Caf\u00e9s. Abends k\u00f6nnen sie an der Promenade des Hafens spazieren gehen und in einem der vielen Restaurants des Ortes essen gehen. Sie k\u00f6nnen auch einen Tagesausflug nach Lichadonisia machen, was durch die Griechen auch \u201edie Malediven, oder Seychellen, Griechenlands\u201c genannt wird. Die gr\u00fcne Umgebung eignet sich hervorragend zum Wandern und Radfahren. Mit ein bisschen Gl\u00fcck kann man sogar die vielen vorbeiziehenden Delfine beobachten!<\/span><\/p>\n<p>[\/vc_column_text][\/vc_column][vc_column width=&#8220;1\/3&#8243;]<div class=\" vc_custom_1669191522038 ubtn-ctn-left \"><a class=\"ubtn-link ult-adjust-bottom-margin ubtn-left ubtn-block \" href=\"https:\/\/www.lichadavillas.com\/contact\/\" title=\"Contact\" ><button type=\"button\" id=\"ubtn-6660\"  class=\"ubtn ult-adjust-bottom-margin ult-responsive ubtn-block ubtn-no-hover-bg  none  ubtn-left   tooltip-69e4d0dedf6ce ubtn-block\"  data-hover=\"#ffffff\" data-border-color=\"\" data-bg=\"#ffffff\" data-hover-bg=\"#accc80\" data-border-hover=\"\" data-shadow-hover=\"\" data-shadow-click=\"none\" data-shadow=\"\" data-shd-shadow=\"\"  data-ultimate-target='#ubtn-6660'  data-responsive-json-new='{\"font-size\":\"desktop:20px;\",\"line-height\":\"\"}'  style=\"font-family:&#039;Kanit&#039;;font-weight:300;border:none;background: #ffffff;color: #000000;\"><span class=\"ubtn-hover\" style=\"background-color:#accc80\"><\/span><span class=\"ubtn-data ubtn-text \" >Jetzt buchen<\/span><\/button><\/a><\/div>[\/vc_column][\/vc_row][vc_row css=&#8220;.vc_custom_1706797157487{margin-bottom: 6% !important;}&#8220;][vc_column]<style type=\"text\/css\" data-type=\"the7_shortcodes-inline-css\">.gallery-carousel-shortcode.gallery-carousel-shortcode-id-3d0cf75005dd2a672e8c5785a4265f39.owl-carousel .owl-nav div {\n  width: 36px;\n  height: 36px;\n  border-radius: 500px;\n}\n.dt-arrow-border-on.gallery-carousel-shortcode.gallery-carousel-shortcode-id-3d0cf75005dd2a672e8c5785a4265f39.owl-carousel .owl-nav div:not(:hover):before {\n  border-width: 0px;\n}\n.dt-arrow-hover-border-on.gallery-carousel-shortcode.gallery-carousel-shortcode-id-3d0cf75005dd2a672e8c5785a4265f39.owl-carousel .owl-nav div:hover:after {\n  border-width: 0px;\n}\n.arrows-hover-bg-on.gallery-carousel-shortcode.gallery-carousel-shortcode-id-3d0cf75005dd2a672e8c5785a4265f39.owl-carousel .owl-nav div:after {\n  background: #02778b;\n  box-shadow: none;\n}\n.gallery-carousel-shortcode.gallery-carousel-shortcode-id-3d0cf75005dd2a672e8c5785a4265f39.owl-carousel .owl-nav div.owl-prev {\n  top: 50%;\n  transform: translateY(calc(-50% + 0px));\n  left: -43px;\n}\n@media all and (-ms-high-contrast: none) {\n  .gallery-carousel-shortcode.gallery-carousel-shortcode-id-3d0cf75005dd2a672e8c5785a4265f39.owl-carousel .owl-nav div.owl-prev {\n    transform: translateY(-50%);\n    margin-top: 0px;\n  }\n}\n.gallery-carousel-shortcode.gallery-carousel-shortcode-id-3d0cf75005dd2a672e8c5785a4265f39.owl-carousel .owl-nav div.owl-prev i {\n  padding: 0px 0px 0px 0px;\n}\n.gallery-carousel-shortcode.gallery-carousel-shortcode-id-3d0cf75005dd2a672e8c5785a4265f39.owl-carousel .owl-nav div.owl-next {\n  top: 50%;\n  transform: translateY(calc(-50% + 0px));\n  right: -43px;\n}\n@media all and (-ms-high-contrast: none) {\n  .gallery-carousel-shortcode.gallery-carousel-shortcode-id-3d0cf75005dd2a672e8c5785a4265f39.owl-carousel .owl-nav div.owl-next {\n    transform: translateY(-50%);\n    margin-top: 0px;\n  }\n}\n.gallery-carousel-shortcode.gallery-carousel-shortcode-id-3d0cf75005dd2a672e8c5785a4265f39.owl-carousel .owl-nav div.owl-next i {\n  padding: 0px 0px 0px 0px;\n}\n.gallery-carousel-shortcode.gallery-carousel-shortcode-id-3d0cf75005dd2a672e8c5785a4265f39.owl-carousel .owl-nav i {\n  font-size: 18px;\n}\n.gallery-carousel-shortcode.gallery-carousel-shortcode-id-3d0cf75005dd2a672e8c5785a4265f39.owl-carousel .owl-nav div:not(:hover) i,\n.gallery-carousel-shortcode.gallery-carousel-shortcode-id-3d0cf75005dd2a672e8c5785a4265f39.owl-carousel .owl-nav div:not(:hover) i:before {\n  color: #02778b;\n  background: none;\n}\n.gallery-carousel-shortcode.gallery-carousel-shortcode-id-3d0cf75005dd2a672e8c5785a4265f39.owl-carousel .owl-nav div:hover i,\n.gallery-carousel-shortcode.gallery-carousel-shortcode-id-3d0cf75005dd2a672e8c5785a4265f39.owl-carousel .owl-nav div:hover i:before {\n  color: rgba(255,255,255,0.75);\n  background: none;\n}\n.gallery-carousel-shortcode.gallery-carousel-shortcode-id-3d0cf75005dd2a672e8c5785a4265f39 .owl-dots {\n  top: calc(100% + 20px);\n  left: 50%;\n  transform: translateX(calc(-50% + 0px));\n}\n@media all and (-ms-high-contrast: none) {\n  .gallery-carousel-shortcode.gallery-carousel-shortcode-id-3d0cf75005dd2a672e8c5785a4265f39 .owl-dots {\n    transform: translateX(-50%);\n    margin-left: 0px;\n  }\n}\n.gallery-carousel-shortcode.gallery-carousel-shortcode-id-3d0cf75005dd2a672e8c5785a4265f39 .owl-dot {\n  width: 10px;\n  height: 10px;\n  margin: 0 8px;\n}\n@media screen and (max-width: 778px) {\n  .gallery-carousel-shortcode.gallery-carousel-shortcode-id-3d0cf75005dd2a672e8c5785a4265f39.hide-arrows .owl-nav a {\n    display: none;\n  }\n}\n@media screen and (max-width: 778px) {\n  .gallery-carousel-shortcode.gallery-carousel-shortcode-id-3d0cf75005dd2a672e8c5785a4265f39.reposition-arrows .owl-nav div.owl-prev {\n    top: 50%;\n    transform: translateY(calc(-50% + 0px));\n    left: 10px;\n  }\n  .gallery-carousel-shortcode.gallery-carousel-shortcode-id-3d0cf75005dd2a672e8c5785a4265f39.reposition-arrows .owl-nav div.owl-next {\n    top: 50%;\n    transform: translateY(calc(-50% + 0px));\n    right: 10px;\n  }\n}\n@media screen and (max-width: 778px) and all and (-ms-high-contrast: none) {\n  .gallery-carousel-shortcode.gallery-carousel-shortcode-id-3d0cf75005dd2a672e8c5785a4265f39.reposition-arrows .owl-nav div.owl-prev {\n    transform: translateY(-50%);\n    margin-top: 0px;\n  }\n}\n@media screen and (max-width: 778px) and all and (-ms-high-contrast: none) {\n  .gallery-carousel-shortcode.gallery-carousel-shortcode-id-3d0cf75005dd2a672e8c5785a4265f39.reposition-arrows .owl-nav div.owl-next {\n    transform: translateY(-50%);\n    margin-top: 0px;\n  }\n}\n.gallery-carousel-shortcode.gallery-carousel-shortcode-id-3d0cf75005dd2a672e8c5785a4265f39 figure,\n.gallery-carousel-shortcode.gallery-carousel-shortcode-id-3d0cf75005dd2a672e8c5785a4265f39 .rollover,\n.gallery-carousel-shortcode.gallery-carousel-shortcode-id-3d0cf75005dd2a672e8c5785a4265f39 img,\n.gallery-carousel-shortcode.gallery-carousel-shortcode-id-3d0cf75005dd2a672e8c5785a4265f39 .gallery-rollover {\n  border-radius: 0px;\n}\n.gallery-carousel-shortcode.gallery-carousel-shortcode-id-3d0cf75005dd2a672e8c5785a4265f39.enable-bg-rollover .gallery-rollover {\n  background: -webkit-linear-gradient();\n  background: linear-gradient();\n}\n.gallery-carousel-shortcode.gallery-carousel-shortcode-id-3d0cf75005dd2a672e8c5785a4265f39.enable-img-shadow .owl-stage-outer {\n  padding: 24px 0;\n}\n.gallery-carousel-shortcode.gallery-carousel-shortcode-id-3d0cf75005dd2a672e8c5785a4265f39.enable-bg-rollover.hover-scale figure .rollover:after {\n  background: -webkit-linear-gradient();\n  background: linear-gradient();\n}\n.gallery-carousel-shortcode.gallery-carousel-shortcode-id-3d0cf75005dd2a672e8c5785a4265f39.gallery-shortcode .gallery-zoom-ico {\n  width: 44px;\n  height: 44px;\n  line-height: 44px;\n  border-radius: 100px;\n  margin: -22px 0 0 -22px;\n  border-width: 0px;\n}\n.dt-icon-bg-on.gallery-carousel-shortcode.gallery-carousel-shortcode-id-3d0cf75005dd2a672e8c5785a4265f39.gallery-shortcode .gallery-zoom-ico {\n  background: rgba(255,255,255,0.3);\n  box-shadow: none;\n}\n.gallery-carousel-shortcode.gallery-carousel-shortcode-id-3d0cf75005dd2a672e8c5785a4265f39.gallery-shortcode .gallery-zoom-ico:before,\n.gallery-carousel-shortcode.gallery-carousel-shortcode-id-3d0cf75005dd2a672e8c5785a4265f39.gallery-shortcode .gallery-zoom-ico span {\n  font-size: 32px;\n  line-height: 44px;\n  color: #ffffff;\n  background: none;\n}<\/style><div class=\"owl-carousel gallery-carousel-shortcode gallery-shortcode  dt-gallery-container dt-owl-carousel-call gallery-carousel-shortcode-id-3d0cf75005dd2a672e8c5785a4265f39 quick-scale-img enable-bg-rollover meta-info-off dt-arrow-hover-border-on bullets-small-dot-stroke reposition-arrows dt-icon-bg-off arrows-bg-off arrows-hover-bg-on  hover-fade \" data-scroll-mode=\"1\" data-col-num=\"4\" data-wide-col-num=\"4\" data-laptop-col=\"4\" data-h-tablet-columns-num=\"4\" data-v-tablet-columns-num=\"3\" data-phone-columns-num=\"1\" data-col-gap=\"20\" data-stage-padding=\"0\" data-speed=\"600\" data-autoplay=\"false\" data-autoplay_speed=\"6000\" data-arrows=\"true\" data-bullet=\"false\" data-next-icon=\"icon-ar-017-r\" data-prev-icon=\"icon-ar-017-l\" data-img-shadow-size=\"12px\" data-img-shadow-spread=\"3px\"><div data-post-id=\"1942\" data-date=\"2026-01-21T15:20:54+00:00\" data-name=\"overzicht lichada\"><figure class=\"post\"><a href=\"https:\/\/www.lichadavillas.com\/wp-content\/uploads\/2026\/01\/overzicht-lichada-1.jpg\" class=\"rollover dt-pswp-item\" data-large_image_width=\"1920\" data-large_image_height=\"1439\" data-dt-img-description=\"\" title=\"overzicht lichada\"><img loading=\"lazy\" decoding=\"async\" class=\"preload-me aspect\" src=\"https:\/\/www.lichadavillas.com\/wp-content\/uploads\/2026\/01\/overzicht-lichada-1-1439x1439.jpg\" srcset=\"https:\/\/www.lichadavillas.com\/wp-content\/uploads\/2026\/01\/overzicht-lichada-1-1439x1439.jpg 1439w\" style=\"--ratio: 1439 \/ 1439\" sizes=\"auto, (max-width: 1439px) 100vw, 1439px\" alt=\"\" width=\"1439\" height=\"1439\"  \/><span class=\"gallery-rollover\"><span class=\"gallery-zoom-ico icomoon-the7-font-the7-zoom-06\"><span><\/span><\/span><\/span><\/a><\/figure><\/div><div data-post-id=\"1790\" data-date=\"2024-02-01T13:41:32+00:00\" data-name=\"IMG_6441\"><figure class=\"post\"><a href=\"https:\/\/www.lichadavillas.com\/wp-content\/uploads\/2024\/02\/IMG_6441.jpg\" class=\"rollover dt-pswp-item\" data-large_image_width=\"1440\" data-large_image_height=\"1920\" data-dt-img-description=\"\" title=\"IMG_6441\"><img loading=\"lazy\" decoding=\"async\" class=\"preload-me aspect\" src=\"https:\/\/www.lichadavillas.com\/wp-content\/uploads\/2024\/02\/IMG_6441-1440x1440.jpg\" srcset=\"https:\/\/www.lichadavillas.com\/wp-content\/uploads\/2024\/02\/IMG_6441-1440x1440.jpg 1440w\" style=\"--ratio: 1440 \/ 1440\" sizes=\"auto, (max-width: 1440px) 100vw, 1440px\" alt=\"\" width=\"1440\" height=\"1440\"  \/><span class=\"gallery-rollover\"><span class=\"gallery-zoom-ico icomoon-the7-font-the7-zoom-06\"><span><\/span><\/span><\/span><\/a><\/figure><\/div><div data-post-id=\"1940\" data-date=\"2026-01-21T15:20:47+00:00\" data-name=\"Boot agios georgios\"><figure class=\"post\"><a href=\"https:\/\/www.lichadavillas.com\/wp-content\/uploads\/2026\/01\/Boot-agios-georgios-1.jpeg\" class=\"rollover dt-pswp-item\" data-large_image_width=\"1440\" data-large_image_height=\"1920\" data-dt-img-description=\"\" title=\"Boot agios georgios\"><img loading=\"lazy\" decoding=\"async\" class=\"preload-me aspect\" src=\"https:\/\/www.lichadavillas.com\/wp-content\/uploads\/2026\/01\/Boot-agios-georgios-1-1440x1440.jpeg\" srcset=\"https:\/\/www.lichadavillas.com\/wp-content\/uploads\/2026\/01\/Boot-agios-georgios-1-1440x1440.jpeg 1440w\" style=\"--ratio: 1440 \/ 1440\" sizes=\"auto, (max-width: 1440px) 100vw, 1440px\" alt=\"\" width=\"1440\" height=\"1440\"  \/><span class=\"gallery-rollover\"><span class=\"gallery-zoom-ico icomoon-the7-font-the7-zoom-06\"><span><\/span><\/span><\/span><\/a><\/figure><\/div><div data-post-id=\"1812\" data-date=\"2024-02-05T09:04:23+00:00\" data-name=\"IMG_9349\"><figure class=\"post\"><a href=\"https:\/\/www.lichadavillas.com\/wp-content\/uploads\/2024\/02\/IMG_9349.jpg\" class=\"rollover dt-pswp-item\" data-large_image_width=\"2500\" data-large_image_height=\"1746\" data-dt-img-description=\"\" title=\"IMG_9349\"><img loading=\"lazy\" decoding=\"async\" class=\"preload-me aspect\" src=\"https:\/\/www.lichadavillas.com\/wp-content\/uploads\/2024\/02\/IMG_9349-1746x1746.jpg\" srcset=\"https:\/\/www.lichadavillas.com\/wp-content\/uploads\/2024\/02\/IMG_9349-1746x1746.jpg 1746w\" style=\"--ratio: 1746 \/ 1746\" sizes=\"auto, (max-width: 1746px) 100vw, 1746px\" alt=\"\" width=\"1746\" height=\"1746\"  \/><span class=\"gallery-rollover\"><span class=\"gallery-zoom-ico icomoon-the7-font-the7-zoom-06\"><span><\/span><\/span><\/span><\/a><\/figure><\/div><div data-post-id=\"1941\" data-date=\"2026-01-21T15:20:50+00:00\" data-name=\"Kavos\"><figure class=\"post\"><a href=\"https:\/\/www.lichadavillas.com\/wp-content\/uploads\/2026\/01\/Kavos-1.jpeg\" class=\"rollover dt-pswp-item\" data-large_image_width=\"1920\" data-large_image_height=\"1440\" data-dt-img-description=\"\" title=\"Kavos\"><img loading=\"lazy\" decoding=\"async\" class=\"preload-me aspect\" src=\"https:\/\/www.lichadavillas.com\/wp-content\/uploads\/2026\/01\/Kavos-1-1440x1440.jpeg\" srcset=\"https:\/\/www.lichadavillas.com\/wp-content\/uploads\/2026\/01\/Kavos-1-1440x1440.jpeg 1440w\" style=\"--ratio: 1440 \/ 1440\" sizes=\"auto, (max-width: 1440px) 100vw, 1440px\" alt=\"\" width=\"1440\" height=\"1440\"  \/><span class=\"gallery-rollover\"><span class=\"gallery-zoom-ico icomoon-the7-font-the7-zoom-06\"><span><\/span><\/span><\/span><\/a><\/figure><\/div><div data-post-id=\"1806\" data-date=\"2024-02-05T09:04:13+00:00\" data-name=\"IMG_6446\"><figure class=\"post\"><a href=\"https:\/\/www.lichadavillas.com\/wp-content\/uploads\/2024\/02\/IMG_6446.jpg\" class=\"rollover dt-pswp-item\" data-large_image_width=\"2500\" data-large_image_height=\"1884\" data-dt-img-description=\"\" title=\"IMG_6446\"><img loading=\"lazy\" decoding=\"async\" class=\"preload-me aspect\" src=\"https:\/\/www.lichadavillas.com\/wp-content\/uploads\/2024\/02\/IMG_6446-1884x1884.jpg\" srcset=\"https:\/\/www.lichadavillas.com\/wp-content\/uploads\/2024\/02\/IMG_6446-1884x1884.jpg 1884w\" style=\"--ratio: 1884 \/ 1884\" sizes=\"auto, (max-width: 1884px) 100vw, 1884px\" alt=\"\" width=\"1884\" height=\"1884\"  \/><span class=\"gallery-rollover\"><span class=\"gallery-zoom-ico icomoon-the7-font-the7-zoom-06\"><span><\/span><\/span><\/span><\/a><\/figure><\/div><div data-post-id=\"1803\" data-date=\"2024-02-05T09:04:09+00:00\" data-name=\"IMG_8805\"><figure class=\"post\"><a href=\"https:\/\/www.lichadavillas.com\/wp-content\/uploads\/2024\/02\/IMG_8805.jpg\" class=\"rollover dt-pswp-item\" data-large_image_width=\"1904\" data-large_image_height=\"2500\" data-dt-img-description=\"\" title=\"IMG_8805\"><img loading=\"lazy\" decoding=\"async\" class=\"preload-me aspect\" src=\"https:\/\/www.lichadavillas.com\/wp-content\/uploads\/2024\/02\/IMG_8805-1904x1904.jpg\" srcset=\"https:\/\/www.lichadavillas.com\/wp-content\/uploads\/2024\/02\/IMG_8805-1904x1904.jpg 1904w\" style=\"--ratio: 1904 \/ 1904\" sizes=\"auto, (max-width: 1904px) 100vw, 1904px\" alt=\"\" width=\"1904\" height=\"1904\"  \/><span class=\"gallery-rollover\"><span class=\"gallery-zoom-ico icomoon-the7-font-the7-zoom-06\"><span><\/span><\/span><\/span><\/a><\/figure><\/div><\/div>[\/vc_column][\/vc_row]<\/p>\n<\/div>","protected":false},"excerpt":{"rendered":"<p>[vc_row full_width=&#8220;stretch_row_content_no_spaces&#8220;][vc_column][\/vc_column][\/vc_row][vc_row][vc_column][vc_column_text css=&#8220;.vc_custom_1665475295469{padding-top: 35px !important;}&#8220;] \u00dcber Lichada [\/vc_column_text][\/vc_column][\/vc_row][vc_row gap=&#8220;20&#8243;][vc_column width=&#8220;2\/3&#8243;][vc_column_text css=&#8220;.vc_custom_1652345908152{padding-top: 6% !important;padding-right: 6% !important;padding-bottom: 6% !important;padding-left: 6% !important;background-color: #ffffff !important;}&#8220;] Lichada Villas bietet ein Ferienhaus f\u00fcr alle, die das typische griechische Urlaubsgef\u00fchl in einer wundersch\u00f6nen Umgebung genie\u00dfen m\u00f6chten. Das frisch renovierte Haus ist der ideale Ort f\u00fcr einen erholsamen Aufenthalt im Norden Evias (Eub\u00f6a).&hellip;<\/p>\n","protected":false},"author":1,"featured_media":0,"parent":0,"menu_order":0,"comment_status":"closed","ping_status":"closed","template":"","meta":{"_monsterinsights_skip_tracking":false,"_monsterinsights_sitenote_active":false,"_monsterinsights_sitenote_note":"","_monsterinsights_sitenote_category":0,"footnotes":""},"class_list":["post-843","page","type-page","status-publish","hentry","description-off"],"_links":{"self":[{"href":"https:\/\/www.lichadavillas.com\/de\/wp-json\/wp\/v2\/pages\/843","targetHints":{"allow":["GET"]}}],"collection":[{"href":"https:\/\/www.lichadavillas.com\/de\/wp-json\/wp\/v2\/pages"}],"about":[{"href":"https:\/\/www.lichadavillas.com\/de\/wp-json\/wp\/v2\/types\/page"}],"author":[{"embeddable":true,"href":"https:\/\/www.lichadavillas.com\/de\/wp-json\/wp\/v2\/users\/1"}],"replies":[{"embeddable":true,"href":"https:\/\/www.lichadavillas.com\/de\/wp-json\/wp\/v2\/comments?post=843"}],"version-history":[{"count":15,"href":"https:\/\/www.lichadavillas.com\/de\/wp-json\/wp\/v2\/pages\/843\/revisions"}],"predecessor-version":[{"id":1943,"href":"https:\/\/www.lichadavillas.com\/de\/wp-json\/wp\/v2\/pages\/843\/revisions\/1943"}],"wp:attachment":[{"href":"https:\/\/www.lichadavillas.com\/de\/wp-json\/wp\/v2\/media?parent=843"}],"curies":[{"name":"wp","href":"https:\/\/api.w.org\/{rel}","templated":true}]}}